{"id":3,"date":"2021-10-17T07:42:34","date_gmt":"2021-10-17T07:42:34","guid":{"rendered":"http:\/\/box5454\/cgi\/addon_GT.cgi?s=GT::WP::Install::EIG+%28alexfas1%29+-+10.24.48.83+%5BWordpress%3b+\/var\/hp\/common\/lib\/Wordpress.pm%3b+543%3b+Hosting::gap_call%5D\/?page_id=3"},"modified":"2026-01-30T10:46:55","modified_gmt":"2026-01-30T10:46:55","slug":"cookie-richtlinie","status":"publish","type":"page","link":"https:\/\/alex-fashion.com\/de\/cookie-richtlinie\/","title":{"rendered":"Cookie-Richtlinie"},"content":{"rendered":"<div data-elementor-type=\"wp-page\" data-elementor-id=\"3\" class=\"elementor elementor-3\" data-elementor-post-type=\"page\">\n\t\t\t\t\t\t<section class=\"elementor-section elementor-top-section elementor-element elementor-element-9f5ffd5 elementor-section-boxed elementor-section-height-default elementor-section-height-default\" data-id=\"9f5ffd5\" data-element_type=\"section\">\n\t\t\t\t\t\t<div class=\"elementor-container elementor-column-gap-default\">\n\t\t\t\t\t<div class=\"elementor-column elementor-col-100 elementor-top-column elementor-element elementor-element-e18f19b\" data-id=\"e18f19b\" data-element_type=\"column\">\n\t\t\t<div class=\"elementor-widget-wrap elementor-element-populated\">\n\t\t\t\t\t\t<div class=\"elementor-element elementor-element-172d502 elementor-widget elementor-widget-html\" data-id=\"172d502\" data-element_type=\"widget\" data-widget_type=\"html.default\">\n\t\t\t\t<div class=\"elementor-widget-container\">\n\t\t\t\t\t<style>\n    a.cky-banner-element {\n        padding: 8px 30px;\n        background: #F8F9FA;\n        color: #858A8F;\n        border: 1px solid #DEE2E6;\n        box-sizing: border-box;\n        border-radius: 2px;\n        cursor: pointer;\n}\n<\/style>\n<h1 class=\"cookie-policy-h1\">Cookie-Richtlinie<\/h1>\n<p>\n    Datum des Inkrafttretens: 19-Feb-2025 <br>\n    Zuletzt aktualisiert: 19-Feb-2025\n<\/p>\n\n&nbsp;\n<h5>Was sind Cookies?<\/h5>\n<div class=\"cookie-policy-p\"><p>In dieser Cookie-Richtlinie wird erl\u00e4utert, was Cookies sind und wie wir sie verwenden, welche Arten von Cookies wir verwenden, welche Informationen wir mit Hilfe von Cookies sammeln und wie diese Informationen verwendet werden, und wie Sie Ihre Cookie-Einstellungen verwalten k\u00f6nnen.<\/p> <p>Cookies sind kleine Textdateien, die dazu dienen, kleine Informationen zu speichern. Sie werden auf Ihrem Ger\u00e4t gespeichert, wenn die Website in Ihrem Browser geladen wird. Diese Cookies helfen uns, die Website ordnungsgem\u00e4\u00df funktionieren zu lassen, sie sicherer zu machen, eine bessere Benutzererfahrung zu bieten und zu verstehen, wie die Website funktioniert und zu analysieren, was funktioniert und wo sie verbessert werden muss.<\/p><\/div>\n\n&nbsp;\n<h5>Wie verwenden wir Cookies?<\/h5>\n<div class=\"cookie-policy-p\"><p>Wie die meisten Online-Dienste verwendet auch unsere Website Erstanbieter- und Drittanbieter-Cookies f\u00fcr verschiedene Zwecke. Cookies von Erstanbietern sind meist notwendig, damit die Website richtig funktioniert, und sie sammeln keine personenbezogenen Daten.<\/p> <p>Die auf unserer Website verwendeten Cookies von Drittanbietern dienen haupts\u00e4chlich dazu, zu verstehen, wie die Website funktioniert, wie Sie mit unserer Website interagieren, unsere Dienste sicher zu halten, f\u00fcr Sie relevante Werbung bereitzustellen und Ihnen insgesamt eine bessere und verbesserte Benutzererfahrung zu bieten und Ihre zuk\u00fcnftigen Interaktionen mit unserer Website zu beschleunigen.<\/p><\/div>\n\n&nbsp;\n    <h5>Arten von Cookies, die wir verwenden<\/h5>\n\n    <div class=\"cky-audit-table-element\"><\/div>\n\n&nbsp;\n    <h5 style=\"margin-bottom:20px;\">Cookie-Einstellungen verwalten<\/h5>\n\n    <a class=\"cky-banner-element\">Cookie-Einstellungen<\/a> <br\/>\n\n    <div><p>Sie k\u00f6nnen Ihre Cookie-Einstellungen jederzeit \u00e4ndern, indem Sie auf die obige Schaltfl\u00e4che klicken. Dadurch k\u00f6nnen Sie das Cookie-Einwilligungsbanner erneut aufrufen und Ihre Einstellungen \u00e4ndern oder Ihre Einwilligung sofort widerrufen. <\/p> <p>Dar\u00fcber hinaus bieten die verschiedenen Browser unterschiedliche Methoden zum Blockieren und L\u00f6schen von Cookies, die von Websites verwendet werden. Sie k\u00f6nnen die Einstellungen Ihres Browsers \u00e4ndern, um die Cookies zu blockieren\/l\u00f6schen. Nachfolgend finden Sie Links zu den Support-Dokumenten der wichtigsten Webbrowser, in denen beschrieben wird, wie Sie Cookies verwalten und l\u00f6schen k\u00f6nnen.<\/p> <p>Chrom: <a target=\"_blank\" href=\"https:\/\/support.google.com\/accounts\/answer\/32050\">https:\/\/support.google.com\/accounts\/answer\/32050<\/a><\/p><p>Safari: <a target=\"_blank\" href=\"https:\/\/support.apple.com\/en-in\/guide\/safari\/sfri11471\/mac\">https:\/\/support.apple.com\/en-in\/guide\/safari\/sfri11471\/mac<\/a><\/p><p>Firefox: <a target=\"_blank\" href=\"https:\/\/support.mozilla.org\/en-US\/kb\/clear-cookies-and-site-data-firefox?redirectslug=delete-cookies-remove-info-websites-stored&redirectlocale=en-US\">https:\/\/support.mozilla.org\/en-US\/kb\/clear-cookies-and-site-data-firefox?redirectslug=delete-cookies-remove-info-websites-stored&redirectlocale=en-US<\/a><\/p><p>Internet Explorer: <a target=\"_blank\" href=\"https:\/\/support.microsoft.com\/en-us\/topic\/how-to-delete-cookie-files-in-internet-explorer-bca9446f-d873-78de-77ba-d42645fa52fc\">https:\/\/support.microsoft.com\/en-us\/topic\/how-to-delete-cookie-files-in-internet-explorer-bca9446f-d873-78de-77ba-d42645fa52fc<\/a><\/p><p>Wenn Sie einen anderen Webbrowser verwenden, lesen Sie bitte die offiziellen Support-Dokumente f\u00fcr Ihren Browser.<\/p><\/div>\n\n\n&nbsp;\n<p class=\"cookie-policy-p\">\n    Cookie-Richtlinie Erzeugt von  <a target=\"_blank\" href=\"https:\/\/www.cookieyes.com\/?utm_source=CP&utm_medium=footer&utm_campaign=UW\">CookieYes - Cookie-Richtlinien-Generator<\/a>.\n<\/p>\t\t\t\t<\/div>\n\t\t\t\t<\/div>\n\t\t\t\t\t<\/div>\n\t\t<\/div>\n\t\t\t\t\t<\/div>\n\t\t<\/section>\n\t\t\t\t<\/div>","protected":false},"excerpt":{"rendered":"<p>Cookie Policy Effective Date: 19-Feb-2025 Last Updated: 19-Feb-2025 &nbsp; What are cookies? This Cookie Policy explains what cookies are and how we use them, the types of cookies we use i.e, the information we collect using cookies and how that information is used, and how to manage the cookie settings. Cookies are small text files [&hellip;]<\/p>","protected":false},"author":1,"featured_media":0,"parent":0,"menu_order":0,"comment_status":"closed","ping_status":"open","template":"elementor_header_footer","meta":{"site-sidebar-layout":"default","site-content-layout":"","ast-site-content-layout":"default","site-content-style":"default","site-sidebar-style":"default","ast-global-header-display":"","ast-banner-title-visibility":"","ast-main-header-display":"","ast-hfb-above-header-display":"","ast-hfb-below-header-display":"","ast-hfb-mobile-header-display":"","site-post-title":"disabled","ast-breadcrumbs-content":"","ast-featured-img":"disabled","footer-sml-layout":"","theme-transparent-header-meta":"default","adv-header-id-meta":"","stick-header-meta":"","header-above-stick-meta":"","header-main-stick-meta":"","header-below-stick-meta":"","astra-migrate-meta-layouts":"set","ast-page-background-enabled":"default","ast-page-background-meta":{"desktop":{"background-color":"","background-image":"","background-repeat":"repeat","background-position":"center center","background-size":"auto","background-attachment":"scroll","background-type":"","background-media":"","overlay-type":"","overlay-color":"","overlay-opacity":"","overlay-gradient":""},"tablet":{"background-color":"","background-image":"","background-repeat":"repeat","background-position":"center center","background-size":"auto","background-attachment":"scroll","background-type":"","background-media":"","overlay-type":"","overlay-color":"","overlay-opacity":"","overlay-gradient":""},"mobile":{"background-color":"","background-image":"","background-repeat":"repeat","background-position":"center center","background-size":"auto","background-attachment":"scroll","background-type":"","background-media":"","overlay-type":"","overlay-color":"","overlay-opacity":"","overlay-gradient":""}},"ast-content-background-meta":{"desktop":{"background-color":"var(--ast-global-color-5)","background-image":"","background-repeat":"repeat","background-position":"center center","background-size":"auto","background-attachment":"scroll","background-type":"","background-media":"","overlay-type":"","overlay-color":"","overlay-opacity":"","overlay-gradient":""},"tablet":{"background-color":"var(--ast-global-color-5)","background-image":"","background-repeat":"repeat","background-position":"center center","background-size":"auto","background-attachment":"scroll","background-type":"","background-media":"","overlay-type":"","overlay-color":"","overlay-opacity":"","overlay-gradient":""},"mobile":{"background-color":"var(--ast-global-color-5)","background-image":"","background-repeat":"repeat","background-position":"center center","background-size":"auto","background-attachment":"scroll","background-type":"","background-media":"","overlay-type":"","overlay-color":"","overlay-opacity":"","overlay-gradient":""}},"footnotes":""},"class_list":["post-3","page","type-page","status-publish","hentry"],"yoast_head":"<!-- This site is optimized with the Yoast SEO plugin v27.4 - https:\/\/yoast.com\/product\/yoast-seo-wordpress\/ -->\n<title>Cookie Policy - Alex&#039;s Fashion<\/title>\n<meta name=\"description\" content=\"Learn how Alex\u2019s Fashion uses cookies to enhance your experience and improve website performance. Read our Cookie Policy for full details.\" \/>\n<meta name=\"robots\" content=\"index, follow, max-snippet:-1, max-image-preview:large, max-video-preview:-1\" \/>\n<link rel=\"canonical\" href=\"https:\/\/alex-fashion.com\/de\/cookie-richtlinie\/\" \/>\n<meta property=\"og:locale\" content=\"de_DE\" \/>\n<meta property=\"og:type\" content=\"article\" \/>\n<meta property=\"og:title\" content=\"Cookie Policy - Alex&#039;s Fashion\" \/>\n<meta property=\"og:description\" content=\"Learn how Alex\u2019s Fashion uses cookies to enhance your experience and improve website performance. Read our Cookie Policy for full details.\" \/>\n<meta property=\"og:url\" content=\"https:\/\/alex-fashion.com\/de\/cookie-richtlinie\/\" \/>\n<meta property=\"og:site_name\" content=\"Alex&#039;s Fashion\" \/>\n<meta property=\"article:publisher\" content=\"https:\/\/www.facebook.com\/alexsfashionaonang\" \/>\n<meta property=\"article:modified_time\" content=\"2026-01-30T10:46:55+00:00\" \/>\n<meta name=\"twitter:card\" content=\"summary_large_image\" \/>\n<meta name=\"twitter:label1\" content=\"Gesch\u00e4tzte Lesezeit\" \/>\n\t<meta name=\"twitter:data1\" content=\"2\u00a0Minuten\" \/>\n<script type=\"application\/ld+json\" class=\"yoast-schema-graph\">{\"@context\":\"https:\\\/\\\/schema.org\",\"@graph\":[{\"@type\":\"WebPage\",\"@id\":\"https:\\\/\\\/alex-fashion.com\\\/cookie-policy\\\/\",\"url\":\"https:\\\/\\\/alex-fashion.com\\\/cookie-policy\\\/\",\"name\":\"Cookie Policy - Alex&#039;s Fashion\",\"isPartOf\":{\"@id\":\"https:\\\/\\\/alex-fashion.com\\\/#website\"},\"datePublished\":\"2021-10-17T07:42:34+00:00\",\"dateModified\":\"2026-01-30T10:46:55+00:00\",\"description\":\"Learn how Alex\u2019s Fashion uses cookies to enhance your experience and improve website performance. Read our Cookie Policy for full details.\",\"breadcrumb\":{\"@id\":\"https:\\\/\\\/alex-fashion.com\\\/cookie-policy\\\/#breadcrumb\"},\"inLanguage\":\"de\",\"potentialAction\":[{\"@type\":\"ReadAction\",\"target\":[\"https:\\\/\\\/alex-fashion.com\\\/cookie-policy\\\/\"]}]},{\"@type\":\"BreadcrumbList\",\"@id\":\"https:\\\/\\\/alex-fashion.com\\\/cookie-policy\\\/#breadcrumb\",\"itemListElement\":[{\"@type\":\"ListItem\",\"position\":1,\"name\":\"Home\",\"item\":\"https:\\\/\\\/alex-fashion.com\\\/\"},{\"@type\":\"ListItem\",\"position\":2,\"name\":\"Cookie Policy\"}]},{\"@type\":\"WebSite\",\"@id\":\"https:\\\/\\\/alex-fashion.com\\\/#website\",\"url\":\"https:\\\/\\\/alex-fashion.com\\\/\",\"name\":\"Alex&#039;s Fashion\",\"description\":\"Alex&#039;s Fashion - Best bespoked Tailor in Ao Nang\",\"publisher\":{\"@id\":\"https:\\\/\\\/alex-fashion.com\\\/#organization\"},\"potentialAction\":[{\"@type\":\"SearchAction\",\"target\":{\"@type\":\"EntryPoint\",\"urlTemplate\":\"https:\\\/\\\/alex-fashion.com\\\/?s={search_term_string}\"},\"query-input\":{\"@type\":\"PropertyValueSpecification\",\"valueRequired\":true,\"valueName\":\"search_term_string\"}}],\"inLanguage\":\"de\"},{\"@type\":\"Organization\",\"@id\":\"https:\\\/\\\/alex-fashion.com\\\/#organization\",\"name\":\"Alex's Fashion\",\"url\":\"https:\\\/\\\/alex-fashion.com\\\/\",\"logo\":{\"@type\":\"ImageObject\",\"inLanguage\":\"de\",\"@id\":\"https:\\\/\\\/alex-fashion.com\\\/#\\\/schema\\\/logo\\\/image\\\/\",\"url\":\"https:\\\/\\\/alex-fashion.com\\\/wp-content\\\/uploads\\\/2020\\\/05\\\/Alexs-Fashion-logga.png\",\"contentUrl\":\"https:\\\/\\\/alex-fashion.com\\\/wp-content\\\/uploads\\\/2020\\\/05\\\/Alexs-Fashion-logga.png\",\"width\":350,\"height\":100,\"caption\":\"Alex's Fashion\"},\"image\":{\"@id\":\"https:\\\/\\\/alex-fashion.com\\\/#\\\/schema\\\/logo\\\/image\\\/\"},\"sameAs\":[\"https:\\\/\\\/www.facebook.com\\\/alexsfashionaonang\",\"https:\\\/\\\/www.instagram.com\\\/alexsfashionkrabi\\\/\"]}]}<\/script>\n<!-- \/ Yoast SEO plugin. -->","yoast_head_json":{"title":"Cookie-Richtlinie - Alex's Fashion","description":"Learn how Alex\u2019s Fashion uses cookies to enhance your experience and improve website performance. Read our Cookie Policy for full details.","robots":{"index":"index","follow":"follow","max-snippet":"max-snippet:-1","max-image-preview":"max-image-preview:large","max-video-preview":"max-video-preview:-1"},"canonical":"https:\/\/alex-fashion.com\/de\/cookie-richtlinie\/","og_locale":"de_DE","og_type":"article","og_title":"Cookie Policy - Alex&#039;s Fashion","og_description":"Learn how Alex\u2019s Fashion uses cookies to enhance your experience and improve website performance. Read our Cookie Policy for full details.","og_url":"https:\/\/alex-fashion.com\/de\/cookie-richtlinie\/","og_site_name":"Alex&#039;s Fashion","article_publisher":"https:\/\/www.facebook.com\/alexsfashionaonang","article_modified_time":"2026-01-30T10:46:55+00:00","twitter_card":"summary_large_image","twitter_misc":{"Gesch\u00e4tzte Lesezeit":"2\u00a0Minuten"},"schema":{"@context":"https:\/\/schema.org","@graph":[{"@type":"WebPage","@id":"https:\/\/alex-fashion.com\/cookie-policy\/","url":"https:\/\/alex-fashion.com\/cookie-policy\/","name":"Cookie-Richtlinie - Alex's Fashion","isPartOf":{"@id":"https:\/\/alex-fashion.com\/#website"},"datePublished":"2021-10-17T07:42:34+00:00","dateModified":"2026-01-30T10:46:55+00:00","description":"Learn how Alex\u2019s Fashion uses cookies to enhance your experience and improve website performance. Read our Cookie Policy for full details.","breadcrumb":{"@id":"https:\/\/alex-fashion.com\/cookie-policy\/#breadcrumb"},"inLanguage":"de","potentialAction":[{"@type":"ReadAction","target":["https:\/\/alex-fashion.com\/cookie-policy\/"]}]},{"@type":"BreadcrumbList","@id":"https:\/\/alex-fashion.com\/cookie-policy\/#breadcrumb","itemListElement":[{"@type":"ListItem","position":1,"name":"Home","item":"https:\/\/alex-fashion.com\/"},{"@type":"ListItem","position":2,"name":"Cookie Policy"}]},{"@type":"WebSite","@id":"https:\/\/alex-fashion.com\/#website","url":"https:\/\/alex-fashion.com\/","name":"Alex's Mode","description":"Alex's Fashion - Bester bespoke Tailor in Ao Nang","publisher":{"@id":"https:\/\/alex-fashion.com\/#organization"},"potentialAction":[{"@type":"SearchAction","target":{"@type":"EntryPoint","urlTemplate":"https:\/\/alex-fashion.com\/?s={search_term_string}"},"query-input":{"@type":"PropertyValueSpecification","valueRequired":true,"valueName":"search_term_string"}}],"inLanguage":"de"},{"@type":"Organization","@id":"https:\/\/alex-fashion.com\/#organization","name":"Alex's Fashion","url":"https:\/\/alex-fashion.com\/","logo":{"@type":"ImageObject","inLanguage":"de","@id":"https:\/\/alex-fashion.com\/#\/schema\/logo\/image\/","url":"https:\/\/alex-fashion.com\/wp-content\/uploads\/2020\/05\/Alexs-Fashion-logga.png","contentUrl":"https:\/\/alex-fashion.com\/wp-content\/uploads\/2020\/05\/Alexs-Fashion-logga.png","width":350,"height":100,"caption":"Alex's Fashion"},"image":{"@id":"https:\/\/alex-fashion.com\/#\/schema\/logo\/image\/"},"sameAs":["https:\/\/www.facebook.com\/alexsfashionaonang","https:\/\/www.instagram.com\/alexsfashionkrabi\/"]}]}},"jetpack_sharing_enabled":true,"_links":{"self":[{"href":"https:\/\/alex-fashion.com\/de\/wp-json\/wp\/v2\/pages\/3","targetHints":{"allow":["GET"]}}],"collection":[{"href":"https:\/\/alex-fashion.com\/de\/wp-json\/wp\/v2\/pages"}],"about":[{"href":"https:\/\/alex-fashion.com\/de\/wp-json\/wp\/v2\/types\/page"}],"author":[{"embeddable":true,"href":"https:\/\/alex-fashion.com\/de\/wp-json\/wp\/v2\/users\/1"}],"replies":[{"embeddable":true,"href":"https:\/\/alex-fashion.com\/de\/wp-json\/wp\/v2\/comments?post=3"}],"version-history":[{"count":5,"href":"https:\/\/alex-fashion.com\/de\/wp-json\/wp\/v2\/pages\/3\/revisions"}],"predecessor-version":[{"id":2327,"href":"https:\/\/alex-fashion.com\/de\/wp-json\/wp\/v2\/pages\/3\/revisions\/2327"}],"wp:attachment":[{"href":"https:\/\/alex-fashion.com\/de\/wp-json\/wp\/v2\/media?parent=3"}],"curies":[{"name":"wp","href":"https:\/\/api.w.org\/{rel}","templated":true}]}}